{"id":16378,"date":"2019-06-04T09:21:30","date_gmt":"2019-06-04T07:21:30","guid":{"rendered":"https:\/\/www.uitvaart-vakbeurs.nl\/praktische-informationen\/"},"modified":"2025-07-02T10:30:39","modified_gmt":"2025-07-02T08:30:39","slug":"praktische-informationen","status":"publish","type":"page","link":"https:\/\/www.uitvaart-vakbeurs.nl\/de\/praktische-informationen\/","title":{"rendered":"Praktische Informationen"},"content":{"rendered":"\t\t<div data-elementor-type=\"wp-post\" data-elementor-id=\"16378\" class=\"elementor elementor-16378 elementor-739\" data-elementor-post-type=\"page\">\n\t\t\t\t\t\t<section class=\"elementor-section elementor-top-section elementor-element elementor-element-236ce4ba elementor-section-boxed elementor-section-height-default elementor-section-height-default\" data-id=\"236ce4ba\" data-element_type=\"section\">\n\t\t\t\t\t\t<div class=\"elementor-container elementor-column-gap-default\">\n\t\t\t\t\t<div class=\"elementor-column elementor-col-100 elementor-top-column elementor-element elementor-element-81946fb\" data-id=\"81946fb\" data-element_type=\"column\">\n\t\t\t<div class=\"elementor-widget-wrap elementor-element-populated\">\n\t\t\t\t\t\t<div class=\"elementor-element elementor-element-47204418 elementor-widget elementor-widget-heading\" data-id=\"47204418\" data-element_type=\"widget\" data-widget_type=\"heading.default\">\n\t\t\t\t<div class=\"elementor-widget-container\">\n\t\t\t\t\t<h2 class=\"elementor-heading-title elementor-size-default\">Praktische Informationen f\u00fcr Besucher<\/h2>\t\t\t\t<\/div>\n\t\t\t\t<\/div>\n\t\t\t\t\t<\/div>\n\t\t<\/div>\n\t\t\t\t\t<\/div>\n\t\t<\/section>\n\t\t\t\t<section class=\"elementor-section elementor-top-section elementor-element elementor-element-1e7274b8 elementor-section-full_width elementor-hidden-phone elementor-section-height-default elementor-section-height-default\" data-id=\"1e7274b8\" data-element_type=\"section\">\n\t\t\t\t\t\t<div class=\"elementor-container elementor-column-gap-no\">\n\t\t\t\t\t<div class=\"elementor-column elementor-col-100 elementor-top-column elementor-element elementor-element-214e9dda\" data-id=\"214e9dda\" data-element_type=\"column\">\n\t\t\t<div class=\"elementor-widget-wrap elementor-element-populated\">\n\t\t\t\t\t\t<div class=\"elementor-element elementor-element-57f85d9f elementor-invisible elementor-widget elementor-widget-google_maps\" data-id=\"57f85d9f\" data-element_type=\"widget\" data-settings=\"{&quot;_animation&quot;:&quot;bounce&quot;}\" data-widget_type=\"google_maps.default\">\n\t\t\t\t<div class=\"elementor-widget-container\">\n\t\t\t\t\t\t\t<div class=\"elementor-custom-embed\">\n\t\t\t<iframe loading=\"lazy\"\n\t\t\t\t\tsrc=\"https:\/\/maps.google.com\/maps?q=Franklinweg%202%2C%20Gorinchem&#038;t=m&#038;z=10&#038;output=embed&#038;iwloc=near\"\n\t\t\t\t\ttitle=\"Franklinweg 2, Gorinchem\"\n\t\t\t\t\taria-label=\"Franklinweg 2, Gorinchem\"\n\t\t\t><\/iframe>\n\t\t<\/div>\n\t\t\t\t\t\t<\/div>\n\t\t\t\t<\/div>\n\t\t\t\t\t<\/div>\n\t\t<\/div>\n\t\t\t\t\t<\/div>\n\t\t<\/section>\n\t\t\t\t<section class=\"elementor-section elementor-inner-section elementor-element elementor-element-2e0c8a0b elementor-section-boxed elementor-section-height-default elementor-section-height-default\" data-id=\"2e0c8a0b\" data-element_type=\"section\" data-settings=\"{&quot;background_background&quot;:&quot;classic&quot;}\">\n\t\t\t\t\t\t<div class=\"elementor-container elementor-column-gap-no\">\n\t\t\t\t\t<div class=\"elementor-column elementor-col-50 elementor-inner-column elementor-element elementor-element-e4827ed\" data-id=\"e4827ed\" data-element_type=\"column\" data-settings=\"{&quot;background_background&quot;:&quot;classic&quot;}\">\n\t\t\t<div class=\"elementor-widget-wrap elementor-element-populated\">\n\t\t\t\t\t\t<div class=\"elementor-element elementor-element-779f953 elementor-widget elementor-widget-text-editor\" data-id=\"779f953\" data-element_type=\"widget\" data-widget_type=\"text-editor.default\">\n\t\t\t\t<div class=\"elementor-widget-container\">\n\t\t\t\t\t\t\t\t\t<p data-start=\"33\" data-end=\"104\">Veranstaltungshalle Gorinchem<br data-start=\"66\" data-end=\"69\" \/>Franklinweg 2<br data-start=\"82\" data-end=\"85\" data-is-only-node=\"\" \/>4207 HZ Gorinchem<\/p>\n<p><\/p>\n<p data-start=\"106\" data-end=\"184\" data-is-last-node=\"\" data-is-only-node=\"\">Telefon<strong data-start=\"106\" data-end=\"118\">:<\/strong> 0183 &#8211; 680 680<br data-start=\"133\" data-end=\"136\" \/>E-Mail: <a class=\"cursor-pointer\" rel=\"noopener\" data-start=\"148\" data-end=\"184\" data-is-last-node=\"\">info-uitvaart-vakbeurs@easyfairs.com<\/a><\/p>\n\t\t\t\t\t\t\t\t<\/div>\n\t\t\t\t<\/div>\n\t\t\t\t<div class=\"elementor-element elementor-element-13b1af79 elementor-view-stacked elementor-shape-circle elementor-widget elementor-widget-icon\" data-id=\"13b1af79\" data-element_type=\"widget\" data-widget_type=\"icon.default\">\n\t\t\t\t<div class=\"elementor-widget-container\">\n\t\t\t\t\t\t\t<div class=\"elementor-icon-wrapper\">\n\t\t\t<div class=\"elementor-icon\">\n\t\t\t<i aria-hidden=\"true\" class=\"fas fa-location-arrow\"><\/i>\t\t\t<\/div>\n\t\t<\/div>\n\t\t\t\t\t\t<\/div>\n\t\t\t\t<\/div>\n\t\t\t\t\t<\/div>\n\t\t<\/div>\n\t\t\t\t<div class=\"elementor-column elementor-col-50 elementor-inner-column elementor-element elementor-element-77d225df\" data-id=\"77d225df\" data-element_type=\"column\">\n\t\t\t<div class=\"elementor-widget-wrap\">\n\t\t\t\t\t\t\t<\/div>\n\t\t<\/div>\n\t\t\t\t\t<\/div>\n\t\t<\/section>\n\t\t\t\t<section class=\"elementor-section elementor-top-section elementor-element elementor-element-34a6937 elementor-section-boxed elementor-section-height-default elementor-section-height-default\" data-id=\"34a6937\" data-element_type=\"section\">\n\t\t\t\t\t\t<div class=\"elementor-container elementor-column-gap-default\">\n\t\t\t\t\t<div class=\"elementor-column elementor-col-100 elementor-top-column elementor-element elementor-element-29018103\" data-id=\"29018103\" data-element_type=\"column\">\n\t\t\t<div class=\"elementor-widget-wrap elementor-element-populated\">\n\t\t\t\t\t\t<div class=\"elementor-element elementor-element-2cf4d1fe elementor-widget elementor-widget-heading\" data-id=\"2cf4d1fe\" data-element_type=\"widget\" data-widget_type=\"heading.default\">\n\t\t\t\t<div class=\"elementor-widget-container\">\n\t\t\t\t\t<h2 class=\"elementor-heading-title elementor-size-default\">Daten und Uhrzeiten<\/h2>\t\t\t\t<\/div>\n\t\t\t\t<\/div>\n\t\t\t\t\t<\/div>\n\t\t<\/div>\n\t\t\t\t\t<\/div>\n\t\t<\/section>\n\t\t\t\t<section class=\"elementor-section elementor-inner-section elementor-element elementor-element-466a4221 elementor-section-boxed elementor-section-height-default elementor-section-height-default\" data-id=\"466a4221\" data-element_type=\"section\" data-settings=\"{&quot;background_background&quot;:&quot;classic&quot;}\">\n\t\t\t\t\t\t<div class=\"elementor-container elementor-column-gap-no\">\n\t\t\t\t\t<div class=\"elementor-column elementor-col-33 elementor-inner-column elementor-element elementor-element-5e84350f elementor-invisible\" data-id=\"5e84350f\" data-element_type=\"column\" data-settings=\"{&quot;background_background&quot;:&quot;classic&quot;,&quot;animation&quot;:&quot;fadeInLeft&quot;}\">\n\t\t\t<div class=\"elementor-widget-wrap elementor-element-populated\">\n\t\t\t\t\t\t<div class=\"elementor-element elementor-element-7da5fd95 elementor-cta--skin-classic elementor-animated-content elementor-bg-transform elementor-bg-transform-zoom-in elementor-widget elementor-widget-call-to-action\" data-id=\"7da5fd95\" data-element_type=\"widget\" data-widget_type=\"call-to-action.default\">\n\t\t\t\t<div class=\"elementor-widget-container\">\n\t\t\t\t\t\t\t<div class=\"elementor-cta\">\n\t\t\t\t\t\t\t<div class=\"elementor-cta__content\">\n\t\t\t\t\n\t\t\t\t\t\t\t\t\t<h2 class=\"elementor-cta__title elementor-cta__content-item elementor-content-item\">\n\t\t\t\t\t\tDienstag\t\t\t\t\t<\/h2>\n\t\t\t\t\n\t\t\t\t\t\t\t\t\t<div class=\"elementor-cta__description elementor-cta__content-item elementor-content-item\">\n\t\t\t\t\t\t<p>29. September 2026 | 10:00 \u2013 19:00 Uhr<\/p>\n\t\t\t\t\t<\/div>\n\t\t\t\t\n\t\t\t\t\t\t\t<\/div>\n\t\t\t\t\t\t<\/div>\n\t\t\t\t\t\t<\/div>\n\t\t\t\t<\/div>\n\t\t\t\t\t<\/div>\n\t\t<\/div>\n\t\t\t\t<div class=\"elementor-column elementor-col-33 elementor-inner-column elementor-element elementor-element-145e8caf elementor-invisible\" data-id=\"145e8caf\" data-element_type=\"column\" data-settings=\"{&quot;background_background&quot;:&quot;classic&quot;,&quot;animation&quot;:&quot;fadeInUp&quot;}\">\n\t\t\t<div class=\"elementor-widget-wrap elementor-element-populated\">\n\t\t\t\t\t\t<div class=\"elementor-element elementor-element-378c301e elementor-cta--skin-classic elementor-animated-content elementor-bg-transform elementor-bg-transform-zoom-in elementor-widget elementor-widget-call-to-action\" data-id=\"378c301e\" data-element_type=\"widget\" data-widget_type=\"call-to-action.default\">\n\t\t\t\t<div class=\"elementor-widget-container\">\n\t\t\t\t\t\t\t<div class=\"elementor-cta\">\n\t\t\t\t\t\t\t<div class=\"elementor-cta__content\">\n\t\t\t\t\n\t\t\t\t\t\t\t\t\t<h2 class=\"elementor-cta__title elementor-cta__content-item elementor-content-item\">\n\t\t\t\t\t\tMittwoch\t\t\t\t\t<\/h2>\n\t\t\t\t\n\t\t\t\t\t\t\t\t\t<div class=\"elementor-cta__description elementor-cta__content-item elementor-content-item\">\n\t\t\t\t\t\t<p>30. September 2026 | 10:00 \u2013 19:00 Uhr<\/p>\n\t\t\t\t\t<\/div>\n\t\t\t\t\n\t\t\t\t\t\t\t<\/div>\n\t\t\t\t\t\t<\/div>\n\t\t\t\t\t\t<\/div>\n\t\t\t\t<\/div>\n\t\t\t\t\t<\/div>\n\t\t<\/div>\n\t\t\t\t<div class=\"elementor-column elementor-col-33 elementor-inner-column elementor-element elementor-element-33fceeea elementor-invisible\" data-id=\"33fceeea\" data-element_type=\"column\" data-settings=\"{&quot;background_background&quot;:&quot;classic&quot;,&quot;animation&quot;:&quot;fadeInRight&quot;}\">\n\t\t\t<div class=\"elementor-widget-wrap elementor-element-populated\">\n\t\t\t\t\t\t<div class=\"elementor-element elementor-element-1747cb3d elementor-cta--skin-classic elementor-animated-content elementor-bg-transform elementor-bg-transform-zoom-in elementor-widget elementor-widget-call-to-action\" data-id=\"1747cb3d\" data-element_type=\"widget\" data-widget_type=\"call-to-action.default\">\n\t\t\t\t<div class=\"elementor-widget-container\">\n\t\t\t\t\t\t\t<div class=\"elementor-cta\">\n\t\t\t\t\t\t\t\t<\/div>\n\t\t\t\t\t\t<\/div>\n\t\t\t\t<\/div>\n\t\t\t\t\t<\/div>\n\t\t<\/div>\n\t\t\t\t\t<\/div>\n\t\t<\/section>\n\t\t\t\t<section class=\"elementor-section elementor-top-section elementor-element elementor-element-3121fb4c elementor-hidden-desktop elementor-hidden-tablet elementor-hidden-mobile elementor-section-boxed elementor-section-height-default elementor-section-height-default\" data-id=\"3121fb4c\" data-element_type=\"section\">\n\t\t\t\t\t\t<div class=\"elementor-container elementor-column-gap-default\">\n\t\t\t\t\t<div class=\"elementor-column elementor-col-100 elementor-top-column elementor-element elementor-element-89946a2\" data-id=\"89946a2\" data-element_type=\"column\">\n\t\t\t<div class=\"elementor-widget-wrap elementor-element-populated\">\n\t\t\t\t\t\t<div class=\"elementor-element elementor-element-5e601d62 elementor-widget elementor-widget-heading\" data-id=\"5e601d62\" data-element_type=\"widget\" data-widget_type=\"heading.default\">\n\t\t\t\t<div class=\"elementor-widget-container\">\n\t\t\t\t\t<h2 class=\"elementor-heading-title elementor-size-default\">Hallenplan<\/h2>\t\t\t\t<\/div>\n\t\t\t\t<\/div>\n\t\t\t\t<div class=\"elementor-element elementor-element-76071300 elementor-widget-divider--view-line elementor-widget elementor-widget-divider\" data-id=\"76071300\" data-element_type=\"widget\" data-widget_type=\"divider.default\">\n\t\t\t\t<div class=\"elementor-widget-container\">\n\t\t\t\t\t\t\t<div class=\"elementor-divider\">\n\t\t\t<span class=\"elementor-divider-separator\">\n\t\t\t\t\t\t<\/span>\n\t\t<\/div>\n\t\t\t\t\t\t<\/div>\n\t\t\t\t<\/div>\n\t\t\t\t<div class=\"elementor-element elementor-element-578c691e elementor-widget elementor-widget-text-editor\" data-id=\"578c691e\" data-element_type=\"widget\" data-widget_type=\"text-editor.default\">\n\t\t\t\t<div class=\"elementor-widget-container\">\n\t\t\t\t\t\t\t\t\t<p>Bist du neugierig, welche Aussteller teilnehmen, wo sie stehen und m\u00f6chtest du schon jetzt eine Route planen? Dann klicke hier f\u00fcr den <a href=\"https:\/\/trendzvakbeurzen-nl.easyfairs-internal\/plattegrond\/\">Hallenplan<\/a>.<\/p>\n\t\t\t\t\t\t\t\t<\/div>\n\t\t\t\t<\/div>\n\t\t\t\t\t<\/div>\n\t\t<\/div>\n\t\t\t\t\t<\/div>\n\t\t<\/section>\n\t\t\t\t<section class=\"elementor-section elementor-top-section elementor-element elementor-element-32b673b1 elementor-section-boxed elementor-section-height-default elementor-section-height-default\" data-id=\"32b673b1\" data-element_type=\"section\">\n\t\t\t\t\t\t<div class=\"elementor-container elementor-column-gap-default\">\n\t\t\t\t\t<div class=\"elementor-column elementor-col-100 elementor-top-column elementor-element elementor-element-399525b1\" data-id=\"399525b1\" data-element_type=\"column\">\n\t\t\t<div class=\"elementor-widget-wrap elementor-element-populated\">\n\t\t\t\t\t\t<div class=\"elementor-element elementor-element-283efd2a elementor-widget elementor-widget-heading\" data-id=\"283efd2a\" data-element_type=\"widget\" data-widget_type=\"heading.default\">\n\t\t\t\t<div class=\"elementor-widget-container\">\n\t\t\t\t\t<h2 class=\"elementor-heading-title elementor-size-default\">Parken<\/h2>\t\t\t\t<\/div>\n\t\t\t\t<\/div>\n\t\t\t\t<div class=\"elementor-element elementor-element-302d5fc elementor-widget elementor-widget-text-editor\" data-id=\"302d5fc\" data-element_type=\"widget\" data-widget_type=\"text-editor.default\">\n\t\t\t\t<div class=\"elementor-widget-container\">\n\t\t\t\t\t\t\t\t\t<p>Rund um die Evenementenhal Gorinchem gibt es 2.200 Parkpl\u00e4tze, auf denen Sie kostenlos parken d\u00fcrfen. Kommen Sie mit dem Fahrrad? Auf dem Parkplatz finden Sie auch einen kostenlosen Fahrradabstellplatz.<\/p>\n\t\t\t\t\t\t\t\t<\/div>\n\t\t\t\t<\/div>\n\t\t\t\t\t<\/div>\n\t\t<\/div>\n\t\t\t\t\t<\/div>\n\t\t<\/section>\n\t\t\t\t<section class=\"elementor-section elementor-top-section elementor-element elementor-element-94c595c elementor-section-boxed elementor-section-height-default elementor-section-height-default\" data-id=\"94c595c\" data-element_type=\"section\">\n\t\t\t\t\t\t<div class=\"elementor-container elementor-column-gap-default\">\n\t\t\t\t\t<div class=\"elementor-column elementor-col-100 elementor-top-column elementor-element elementor-element-69b53545\" data-id=\"69b53545\" data-element_type=\"column\">\n\t\t\t<div class=\"elementor-widget-wrap elementor-element-populated\">\n\t\t\t\t\t\t<div class=\"elementor-element elementor-element-78185119 elementor-widget elementor-widget-heading\" data-id=\"78185119\" data-element_type=\"widget\" data-widget_type=\"heading.default\">\n\t\t\t\t<div class=\"elementor-widget-container\">\n\t\t\t\t\t<h2 class=\"elementor-heading-title elementor-size-default\">Erreichbarkeit<\/h2>\t\t\t\t<\/div>\n\t\t\t\t<\/div>\n\t\t\t\t<div class=\"elementor-element elementor-element-76753201 elementor-widget elementor-widget-text-editor\" data-id=\"76753201\" data-element_type=\"widget\" data-widget_type=\"text-editor.default\">\n\t\t\t\t<div class=\"elementor-widget-container\">\n\t\t\t\t\t\t\t\t\t<p>ACHTUNG! Besuchen Sie <a href=\"https:\/\/www.vananaarbeter.nl\/\">www.vananaarbeter.nl<\/a> und sehen Sie sich die neuesten Informationen zu Umleitungen an.<\/p>\n\t\t\t\t\t\t\t\t<\/div>\n\t\t\t\t<\/div>\n\t\t\t\t\t<\/div>\n\t\t<\/div>\n\t\t\t\t\t<\/div>\n\t\t<\/section>\n\t\t\t\t<section class=\"elementor-section elementor-top-section elementor-element elementor-element-5cb616ec elementor-section-boxed elementor-section-height-default elementor-section-height-default\" data-id=\"5cb616ec\" data-element_type=\"section\">\n\t\t\t\t\t\t<div class=\"elementor-container elementor-column-gap-default\">\n\t\t\t\t\t<div class=\"elementor-column elementor-col-50 elementor-top-column elementor-element elementor-element-676d08ad\" data-id=\"676d08ad\" data-element_type=\"column\">\n\t\t\t<div class=\"elementor-widget-wrap elementor-element-populated\">\n\t\t\t\t\t\t<div class=\"elementor-element elementor-element-77bf0c0c elementor-view-default elementor-widget elementor-widget-icon\" data-id=\"77bf0c0c\" data-element_type=\"widget\" data-widget_type=\"icon.default\">\n\t\t\t\t<div class=\"elementor-widget-container\">\n\t\t\t\t\t\t\t<div class=\"elementor-icon-wrapper\">\n\t\t\t<div class=\"elementor-icon\">\n\t\t\t<i aria-hidden=\"true\" class=\"fas fa-car\"><\/i>\t\t\t<\/div>\n\t\t<\/div>\n\t\t\t\t\t\t<\/div>\n\t\t\t\t<\/div>\n\t\t\t\t<div class=\"elementor-element elementor-element-7f8f415c elementor-widget elementor-widget-text-editor\" data-id=\"7f8f415c\" data-element_type=\"widget\" data-widget_type=\"text-editor.default\">\n\t\t\t\t<div class=\"elementor-widget-container\">\n\t\t\t\t\t\t\t\t\t<h2 style=\"text-align: center; color: #e03a6a;\">Mit dem Auto<\/h2><br><p class=\"p2\" style=\"text-align: center;\">Kreuzung Gorinchem (A27\/A15) Richtung Nijmegen (A15). Abfahrt Gorinchem-Oost (Ausfahrt 28). An der Ampel links abbiegen und der dynamischen Beschilderung folgen.<\/p><br><p class=\"p2\" style=\"text-align: center;\"><\/p>\t\t\t\t\t\t\t\t<\/div>\n\t\t\t\t<\/div>\n\t\t\t\t\t<\/div>\n\t\t<\/div>\n\t\t\t\t<div class=\"elementor-column elementor-col-50 elementor-top-column elementor-element elementor-element-19ce3c24\" data-id=\"19ce3c24\" data-element_type=\"column\">\n\t\t\t<div class=\"elementor-widget-wrap elementor-element-populated\">\n\t\t\t\t\t\t<div class=\"elementor-element elementor-element-5f9abc5c elementor-view-default elementor-widget elementor-widget-icon\" data-id=\"5f9abc5c\" data-element_type=\"widget\" data-widget_type=\"icon.default\">\n\t\t\t\t<div class=\"elementor-widget-container\">\n\t\t\t\t\t\t\t<div class=\"elementor-icon-wrapper\">\n\t\t\t<div class=\"elementor-icon\">\n\t\t\t<svg xmlns=\"http:\/\/www.w3.org\/2000\/svg\" xmlns:xlink=\"http:\/\/www.w3.org\/1999\/xlink\" width=\"1080\" viewBox=\"0 0 810 809.999993\" height=\"1080\" preserveAspectRatio=\"xMidYMid meet\"><defs><clipPath id=\"be4cb36b24\"><path d=\"M 87.507812 96 L 722.757812 96 L 722.757812 809 L 87.507812 809 Z M 87.507812 96 \" clip-rule=\"nonzero\"><\/path><\/clipPath><\/defs><g clip-path=\"url(#be4cb36b24)\"><path fill=\"#9c5339\" d=\"M 697.683594 205.714844 L 676.847656 205.714844 C 675.855469 205.714844 673.875 206.707031 672.882812 206.707031 L 672.882812 164.042969 C 672.882812 127.332031 643.117188 96.578125 605.414062 96.578125 L 202.597656 96.578125 C 165.890625 96.578125 135.132812 126.339844 135.132812 164.042969 L 135.132812 206.707031 C 134.140625 206.707031 132.15625 205.714844 131.164062 205.714844 L 110.328125 205.714844 C 98.421875 205.714844 87.507812 215.636719 87.507812 228.53125 L 87.507812 350.570312 C 87.507812 362.472656 97.429688 373.386719 110.328125 373.386719 L 131.164062 373.386719 C 132.15625 373.386719 134.140625 372.394531 135.132812 372.394531 L 135.132812 640.277344 C 135.132812 672.027344 156.960938 697.824219 186.722656 705.761719 L 186.722656 786.125 C 186.722656 798.03125 196.644531 808.945312 209.542969 808.945312 L 284.949219 808.945312 C 296.851562 808.945312 307.765625 799.023438 307.765625 786.125 L 307.765625 707.746094 L 502.230469 707.746094 L 502.230469 786.125 C 502.230469 798.03125 512.152344 808.945312 525.050781 808.945312 L 600.453125 808.945312 C 612.359375 808.945312 623.273438 799.023438 623.273438 786.125 L 623.273438 705.761719 C 652.046875 698.816406 674.867188 672.027344 674.867188 640.277344 L 674.867188 372.394531 C 675.855469 372.394531 677.839844 373.386719 678.832031 373.386719 L 699.667969 373.386719 C 711.574219 373.386719 722.488281 363.464844 722.488281 350.570312 L 722.488281 227.539062 C 720.503906 215.636719 709.589844 205.714844 697.683594 205.714844 Z M 224.425781 130.308594 L 584.578125 130.308594 L 584.578125 151.144531 L 224.425781 151.144531 Z M 228.394531 666.074219 C 205.574219 666.074219 187.714844 648.214844 187.714844 625.394531 C 187.714844 602.578125 205.574219 584.71875 228.394531 584.71875 C 251.214844 584.71875 269.074219 602.578125 269.074219 625.394531 C 269.074219 647.222656 250.222656 666.074219 228.394531 666.074219 Z M 579.617188 666.074219 C 556.796875 666.074219 538.941406 648.214844 538.941406 625.394531 C 538.941406 602.578125 556.796875 584.71875 579.617188 584.71875 C 602.4375 584.71875 620.296875 602.578125 620.296875 625.394531 C 620.296875 647.222656 602.4375 666.074219 579.617188 666.074219 Z M 645.101562 511.296875 L 162.914062 511.296875 L 162.914062 197.777344 L 645.101562 197.777344 Z M 645.101562 511.296875 \" fill-opacity=\"1\" fill-rule=\"nonzero\"><\/path><\/g><path fill=\"#7ed957\" d=\"M 432.617188 260.277344 C 428.148438 190.578125 452.855469 135.78125 481.882812 103.917969 C 510.917969 72.058594 550.042969 56.851562 608.203125 46.332031 C 666.363281 35.808594 749.371094 54.757812 801.96875 0.609375 C 810.289062 337.300781 565.671875 385.703125 445.882812 290.378906 C 487.628906 240.109375 534.363281 204.414062 598.320312 181.085938 C 644.246094 164.328125 685.796875 155.988281 728.507812 106.722656 C 666.011719 149.199219 615.710938 152.316406 578.539062 164.039062 C 523.316406 181.457031 479.664062 204.855469 432.617188 260.277344 Z M 432.617188 260.277344 \" fill-opacity=\"1\" fill-rule=\"evenodd\"><\/path><\/svg>\t\t\t<\/div>\n\t\t<\/div>\n\t\t\t\t\t\t<\/div>\n\t\t\t\t<\/div>\n\t\t\t\t<div class=\"elementor-element elementor-element-46088a58 elementor-widget elementor-widget-text-editor\" data-id=\"46088a58\" data-element_type=\"widget\" data-widget_type=\"text-editor.default\">\n\t\t\t\t<div class=\"elementor-widget-container\">\n\t\t\t\t\t\t\t\t\t<h2 style=\"text-align: center; color: #e03a6a;\">Die \u00f6ffentliche Verkehrsmitte<\/h2><br><p class=\"p1\" style=\"text-align: center;\">Die Veranstaltungshalle Gorinchem ist mit den \u00f6ffentlichen Verkehrsmitteln gut zu erreichen.* Vom Bahnhof Gorinchem aus k\u00f6nnen Sie die Linie 387 nehmen. Steigen Sie an der n\u00e4chstgelegenen Haltestelle Griendweg aus, dann sind es nur noch 8 Minuten zu Fu\u00df zur Veranstaltungshalle Gorinchem<\/p>\t\t\t\t\t\t\t\t<\/div>\n\t\t\t\t<\/div>\n\t\t\t\t\t<\/div>\n\t\t<\/div>\n\t\t\t\t\t<\/div>\n\t\t<\/section>\n\t\t\t\t<section class=\"elementor-section elementor-top-section elementor-element elementor-element-b23676c elementor-section-boxed elementor-section-height-default elementor-section-height-default\" data-id=\"b23676c\" data-element_type=\"section\">\n\t\t\t\t\t\t<div class=\"elementor-container elementor-column-gap-default\">\n\t\t\t\t\t<div class=\"elementor-column elementor-col-50 elementor-top-column elementor-element elementor-element-61cdbc9f\" data-id=\"61cdbc9f\" data-element_type=\"column\">\n\t\t\t<div class=\"elementor-widget-wrap elementor-element-populated\">\n\t\t\t\t\t\t<div class=\"elementor-element elementor-element-5af74dcd elementor-widget elementor-widget-heading\" data-id=\"5af74dcd\" data-element_type=\"widget\" data-widget_type=\"heading.default\">\n\t\t\t\t<div class=\"elementor-widget-container\">\n\t\t\t\t\t<h2 class=\"elementor-heading-title elementor-size-default\">\u00dcbernachten<\/h2>\t\t\t\t<\/div>\n\t\t\t\t<\/div>\n\t\t\t\t<div class=\"elementor-element elementor-element-343ded10 elementor-widget elementor-widget-text-editor\" data-id=\"343ded10\" data-element_type=\"widget\" data-widget_type=\"text-editor.default\">\n\t\t\t\t<div class=\"elementor-widget-container\">\n\t\t\t\t\t\t\t\t\t<p>Messe oder Veranstaltung in der Evenementenhal Gorinchem und m\u00f6chten Sie in der N\u00e4he \u00fcbernachten? Das ist mit der Er\u00f6ffnung des Hotels van der Valk Gorinchem viel einfacher geworden. Das Hotel befindet sich gegen\u00fcber der Evenementenhal und ist in 5 Minuten zu Fu\u00df erreichbar. Ideal, um w\u00e4hrend einer Messe zu \u00fcbernachten. Im Hotel gibt es verschiedene Zimmer, au\u00dferdem haben Sie die Wahl zwischen inklusive oder exklusive Fr\u00fchst\u00fcck.<\/p>\n\t\t\t\t\t\t\t\t<\/div>\n\t\t\t\t<\/div>\n\t\t\t\t\t<\/div>\n\t\t<\/div>\n\t\t\t\t<div class=\"elementor-column elementor-col-50 elementor-top-column elementor-element elementor-element-ea2e2a3\" data-id=\"ea2e2a3\" data-element_type=\"column\">\n\t\t\t<div class=\"elementor-widget-wrap elementor-element-populated\">\n\t\t\t\t\t\t<div class=\"elementor-element elementor-element-609b89a8 elementor-widget elementor-widget-image\" data-id=\"609b89a8\" data-element_type=\"widget\" data-widget_type=\"image.default\">\n\t\t\t\t<div class=\"elementor-widget-container\">\n\t\t\t\t\t\t\t\t\t\t\t\t\t\t\t<img fetchpriority=\"high\" decoding=\"async\" width=\"600\" height=\"340\" src=\"https:\/\/easyfairsassets.com\/sites\/203\/2025\/04\/carousel_wide_1024x768_Large-Gebouw-VDV-Gorinchem-1.jpg\" class=\"attachment-large size-large wp-image-15924\" alt=\"\" srcset=\"https:\/\/easyfairsassets.com\/sites\/203\/2025\/04\/carousel_wide_1024x768_Large-Gebouw-VDV-Gorinchem-1.jpg 600w, https:\/\/easyfairsassets.com\/sites\/203\/2025\/04\/carousel_wide_1024x768_Large-Gebouw-VDV-Gorinchem-1-300x170.jpg 300w\" sizes=\"(max-width: 600px) 100vw, 600px\" \/>\t\t\t\t\t\t\t\t\t\t\t\t\t\t\t<\/div>\n\t\t\t\t<\/div>\n\t\t\t\t\t<\/div>\n\t\t<\/div>\n\t\t\t\t\t<\/div>\n\t\t<\/section>\n\t\t\t\t<\/div>\n\t\t","protected":false},"excerpt":{"rendered":"<p>Praktische Informationen f\u00fcr Besucher Veranstaltungshalle GorinchemFranklinweg 24207 HZ Gorinchem Telefon: 0183 &#8211; 680 680E-Mail: info-uitvaart-vakbeurs@easyfairs.com Daten und Uhrzeiten Dienstag 29. September 2026 | 10:00 \u2013 19:00 Uhr Mittwoch 30. September 2026 | 10:00 \u2013 19:00 Uhr Hallenplan Bist du neugierig, welche Aussteller teilnehmen, wo sie stehen und m\u00f6chtest du schon jetzt eine Route planen? Dann [&hellip;]<\/p>\n","protected":false},"author":376,"featured_media":14233,"parent":0,"menu_order":0,"comment_status":"closed","ping_status":"closed","template":"","meta":{"_seopress_robots_primary_cat":"","_seopress_titles_title":"Praktische Informationen \u00fcber die VTU Bestattungsfachmesse","_seopress_titles_desc":"Gut vorbereitet zur VTU Uitvaart Vakbeurs. Sehen Sie sich die \u00d6ffnungszeiten, Einrichtungen und die Anreise an, um sich optimal vorzubereiten.","_seopress_robots_index":"","footnotes":""},"class_list":["post-16378","page","type-page","status-publish","has-post-thumbnail","hentry"],"_links":{"self":[{"href":"https:\/\/www.uitvaart-vakbeurs.nl\/de\/wp-json\/wp\/v2\/pages\/16378","targetHints":{"allow":["GET"]}}],"collection":[{"href":"https:\/\/www.uitvaart-vakbeurs.nl\/de\/wp-json\/wp\/v2\/pages"}],"about":[{"href":"https:\/\/www.uitvaart-vakbeurs.nl\/de\/wp-json\/wp\/v2\/types\/page"}],"author":[{"embeddable":true,"href":"https:\/\/www.uitvaart-vakbeurs.nl\/de\/wp-json\/wp\/v2\/users\/376"}],"replies":[{"embeddable":true,"href":"https:\/\/www.uitvaart-vakbeurs.nl\/de\/wp-json\/wp\/v2\/comments?post=16378"}],"version-history":[{"count":1,"href":"https:\/\/www.uitvaart-vakbeurs.nl\/de\/wp-json\/wp\/v2\/pages\/16378\/revisions"}],"predecessor-version":[{"id":16379,"href":"https:\/\/www.uitvaart-vakbeurs.nl\/de\/wp-json\/wp\/v2\/pages\/16378\/revisions\/16379"}],"wp:featuredmedia":[{"embeddable":true,"href":"https:\/\/www.uitvaart-vakbeurs.nl\/de\/wp-json\/wp\/v2\/media\/14233"}],"wp:attachment":[{"href":"https:\/\/www.uitvaart-vakbeurs.nl\/de\/wp-json\/wp\/v2\/media?parent=16378"}],"curies":[{"name":"wp","href":"https:\/\/api.w.org\/{rel}","templated":true}]}}