{"id":16376,"date":"2019-06-04T09:15:58","date_gmt":"2019-06-04T07:15:58","guid":{"rendered":"https:\/\/www.uitvaart-vakbeurs.nl\/wie-man-die-messe-bewirbt\/"},"modified":"2025-07-02T10:16:02","modified_gmt":"2025-07-02T08:16:02","slug":"wie-man-die-messe-bewirbt","status":"publish","type":"page","link":"https:\/\/www.uitvaart-vakbeurs.nl\/de\/wie-man-die-messe-bewirbt\/","title":{"rendered":"Wie man die Messe bewirbt"},"content":{"rendered":"\t\t<div data-elementor-type=\"wp-post\" data-elementor-id=\"16376\" class=\"elementor elementor-16376 elementor-602\" data-elementor-post-type=\"page\">\n\t\t\t\t\t\t<section class=\"elementor-section elementor-top-section elementor-element elementor-element-3febaa0f elementor-section-boxed elementor-section-height-default elementor-section-height-default\" data-id=\"3febaa0f\" data-element_type=\"section\">\n\t\t\t\t\t\t<div class=\"elementor-container elementor-column-gap-default\">\n\t\t\t\t\t<div class=\"elementor-column elementor-col-100 elementor-top-column elementor-element elementor-element-4d073ec1\" data-id=\"4d073ec1\" data-element_type=\"column\">\n\t\t\t<div class=\"elementor-widget-wrap elementor-element-populated\">\n\t\t\t\t\t\t<div class=\"elementor-element elementor-element-5d90d2d5 elementor-widget elementor-widget-text-editor\" data-id=\"5d90d2d5\" data-element_type=\"widget\" data-widget_type=\"text-editor.default\">\n\t\t\t\t<div class=\"elementor-widget-container\">\n\t\t\t\t\t\t\t\t\t<p>Im Vorfeld der Messe ist es wichtig, Ihre Teilnahme potenziellen und bestehenden Gesch\u00e4ftspartnern bekannt zu machen. Gemeinsam mit Ihnen als Aussteller streben wir eine Messe mit hochwertigen Besuchern an! Um Ihre Messeteilnahme \u00fcber alle m\u00f6glichen Kan\u00e4le bekannt zu machen, bieten wir Ihnen verschiedene Tools, mit denen Sie Ihre Teilnahme promoten und zum noch gr\u00f6\u00dferen Erfolg machen k\u00f6nnen.<\/p>\n\t\t\t\t\t\t\t\t<\/div>\n\t\t\t\t<\/div>\n\t\t\t\t\t<\/div>\n\t\t<\/div>\n\t\t\t\t\t<\/div>\n\t\t<\/section>\n\t\t\t\t<section class=\"elementor-section elementor-top-section elementor-element elementor-element-199a09a1 elementor-section-boxed elementor-section-height-default elementor-section-height-default\" data-id=\"199a09a1\" data-element_type=\"section\" data-settings=\"{&quot;background_background&quot;:&quot;classic&quot;}\">\n\t\t\t\t\t\t<div class=\"elementor-container elementor-column-gap-default\">\n\t\t\t\t\t<div class=\"elementor-column elementor-col-100 elementor-top-column elementor-element elementor-element-786f3803\" data-id=\"786f3803\" data-element_type=\"column\">\n\t\t\t<div class=\"elementor-widget-wrap elementor-element-populated\">\n\t\t\t\t\t\t<div class=\"elementor-element elementor-element-2379ac13 elementor-widget elementor-widget-heading\" data-id=\"2379ac13\" data-element_type=\"widget\" data-widget_type=\"heading.default\">\n\t\t\t\t<div class=\"elementor-widget-container\">\n\t\t\t\t\t<h3 class=\"elementor-heading-title elementor-size-large\">Promotionsm\u00f6glichkeiten<\/h3>\t\t\t\t<\/div>\n\t\t\t\t<\/div>\n\t\t\t\t<section class=\"elementor-section elementor-inner-section elementor-element elementor-element-492380d8 elementor-section-height-min-height elementor-section-content-middle elementor-section-boxed elementor-section-height-default\" data-id=\"492380d8\" data-element_type=\"section\" data-settings=\"{&quot;background_background&quot;:&quot;classic&quot;}\">\n\t\t\t\t\t\t<div class=\"elementor-container elementor-column-gap-no\">\n\t\t\t\t\t<div class=\"elementor-column elementor-col-50 elementor-inner-column elementor-element elementor-element-4eb9ca6a\" data-id=\"4eb9ca6a\" data-element_type=\"column\" data-settings=\"{&quot;background_background&quot;:&quot;classic&quot;}\">\n\t\t\t<div class=\"elementor-widget-wrap elementor-element-populated\">\n\t\t\t\t\t\t<div class=\"elementor-element elementor-element-74df9698 elementor-widget elementor-widget-spacer\" data-id=\"74df9698\" data-element_type=\"widget\" data-widget_type=\"spacer.default\">\n\t\t\t\t<div class=\"elementor-widget-container\">\n\t\t\t\t\t\t\t<div class=\"elementor-spacer\">\n\t\t\t<div class=\"elementor-spacer-inner\"><\/div>\n\t\t<\/div>\n\t\t\t\t\t\t<\/div>\n\t\t\t\t<\/div>\n\t\t\t\t\t<\/div>\n\t\t<\/div>\n\t\t\t\t<div class=\"elementor-column elementor-col-50 elementor-inner-column elementor-element elementor-element-2fe1e97a\" data-id=\"2fe1e97a\" data-element_type=\"column\">\n\t\t\t<div class=\"elementor-widget-wrap elementor-element-populated\">\n\t\t\t\t\t\t<div class=\"elementor-element elementor-element-1ba07f6e elementor-widget elementor-widget-heading\" data-id=\"1ba07f6e\" data-element_type=\"widget\" data-widget_type=\"heading.default\">\n\t\t\t\t<div class=\"elementor-widget-container\">\n\t\t\t\t\t<h2 class=\"elementor-heading-title elementor-size-large\">Marketingmaterialien<\/h2>\t\t\t\t<\/div>\n\t\t\t\t<\/div>\n\t\t\t\t<div class=\"elementor-element elementor-element-5d04757c elementor-widget elementor-widget-text-editor\" data-id=\"5d04757c\" data-element_type=\"widget\" data-widget_type=\"text-editor.default\">\n\t\t\t\t<div class=\"elementor-widget-container\">\n\t\t\t\t\t\t\t\t\t<p>In \u201eMy Easyfairs\u201c finden Sie unter anderem das Logo im Ordner \u201eMarketingmaterialien\u201c unter \u201eKunden &amp; Interessenten einladen\u201c. Verwenden Sie das Logo auf den verschiedenen Marketingma\u00dfnahmen, die Sie im Vorfeld Ihrer Messeteilnahme geplant haben (sowohl in Print als auch digital). So k\u00f6nnen Sie Ihre Teilnahme \u00fcber verschiedene Kan\u00e4le einer m\u00f6glichst gro\u00dfen und interessierten Zielgruppe bekannt machen.<\/p>\n<p>Der Ordner mit Marketingmaterialien wird sp\u00e4ter um weitere Banner erg\u00e4nzt, die Sie auf Ihrer Website, in Ihrer E-Mail-Signatur, in digitalen Newslettern oder in den sozialen Medien verwenden k\u00f6nnen. In Ihren Online-Aussendungen k\u00f6nnen Sie auf die Website verweisen.<\/p>\n\t\t\t\t\t\t\t\t<\/div>\n\t\t\t\t<\/div>\n\t\t\t\t<div class=\"elementor-element elementor-element-7d3e43b elementor-mobile-align-center elementor-align-center elementor-widget elementor-widget-button\" data-id=\"7d3e43b\" data-element_type=\"widget\" data-widget_type=\"button.default\">\n\t\t\t\t<div class=\"elementor-widget-container\">\n\t\t\t\t\t\t\t\t\t<div class=\"elementor-button-wrapper\">\n\t\t\t\t\t<a class=\"elementor-button elementor-button-link elementor-size-sm\" href=\"https:\/\/my.easyfairs.com\/login\">\n\t\t\t\t\t\t<span class=\"elementor-button-content-wrapper\">\n\t\t\t\t\t\t<span class=\"elementor-button-icon\">\n\t\t\t\t<i aria-hidden=\"true\" class=\"far fa-paper-plane\"><\/i>\t\t\t<\/span>\n\t\t\t\t\t\t\t\t\t<span class=\"elementor-button-text\">Login auf My Easyfairs<\/span>\n\t\t\t\t\t<\/span>\n\t\t\t\t\t<\/a>\n\t\t\t\t<\/div>\n\t\t\t\t\t\t\t\t<\/div>\n\t\t\t\t<\/div>\n\t\t\t\t\t<\/div>\n\t\t<\/div>\n\t\t\t\t\t<\/div>\n\t\t<\/section>\n\t\t\t\t<section class=\"elementor-section elementor-inner-section elementor-element elementor-element-5c7d9dd7 elementor-section-height-min-height elementor-section-content-middle elementor-section-boxed elementor-section-height-default\" data-id=\"5c7d9dd7\" data-element_type=\"section\" data-settings=\"{&quot;background_background&quot;:&quot;classic&quot;}\">\n\t\t\t\t\t\t<div class=\"elementor-container elementor-column-gap-no\">\n\t\t\t\t\t<div class=\"elementor-column elementor-col-50 elementor-inner-column elementor-element elementor-element-3ff00d3d\" data-id=\"3ff00d3d\" data-element_type=\"column\" data-settings=\"{&quot;background_background&quot;:&quot;classic&quot;}\">\n\t\t\t<div class=\"elementor-widget-wrap elementor-element-populated\">\n\t\t\t\t\t\t<div class=\"elementor-element elementor-element-fb8dadb elementor-widget elementor-widget-spacer\" data-id=\"fb8dadb\" data-element_type=\"widget\" data-widget_type=\"spacer.default\">\n\t\t\t\t<div class=\"elementor-widget-container\">\n\t\t\t\t\t\t\t<div class=\"elementor-spacer\">\n\t\t\t<div class=\"elementor-spacer-inner\"><\/div>\n\t\t<\/div>\n\t\t\t\t\t\t<\/div>\n\t\t\t\t<\/div>\n\t\t\t\t\t<\/div>\n\t\t<\/div>\n\t\t\t\t<div class=\"elementor-column elementor-col-50 elementor-inner-column elementor-element elementor-element-b70962c\" data-id=\"b70962c\" data-element_type=\"column\">\n\t\t\t<div class=\"elementor-widget-wrap elementor-element-populated\">\n\t\t\t\t\t\t<div class=\"elementor-element elementor-element-4b3d4192 elementor-widget elementor-widget-heading\" data-id=\"4b3d4192\" data-element_type=\"widget\" data-widget_type=\"heading.default\">\n\t\t\t\t<div class=\"elementor-widget-container\">\n\t\t\t\t\t<h2 class=\"elementor-heading-title elementor-size-large\">Messekatalog<\/h2>\t\t\t\t<\/div>\n\t\t\t\t<\/div>\n\t\t\t\t<div class=\"elementor-element elementor-element-1d699f4c elementor-widget elementor-widget-text-editor\" data-id=\"1d699f4c\" data-element_type=\"widget\" data-widget_type=\"text-editor.default\">\n\t\t\t\t<div class=\"elementor-widget-container\">\n\t\t\t\t\t\t\t\t\t<p>Mit dem Fachmagazin \u201eVakblad Uitvaart\u201c ist UitvaartMedia offizieller Medienpartner der VTU Bestattungs-Fachmesse. Wenn Sie im Messekatalog von \u201eVakblad Uitvaart\u201c werben m\u00f6chten, wenden Sie sich bitte an Luciene Paap vom Bureau van Vliet unter 023 571 4745 oder per E-Mail an <a href=\"mailto:l.paap@bureauvanvliet.nl\">l.paap@bureauvanvliet.nl<\/a>.<\/p>\n\t\t\t\t\t\t\t\t<\/div>\n\t\t\t\t<\/div>\n\t\t\t\t\t<\/div>\n\t\t<\/div>\n\t\t\t\t\t<\/div>\n\t\t<\/section>\n\t\t\t\t\t<\/div>\n\t\t<\/div>\n\t\t\t\t\t<\/div>\n\t\t<\/section>\n\t\t\t\t<\/div>\n\t\t","protected":false},"excerpt":{"rendered":"<p>Im Vorfeld der Messe ist es wichtig, Ihre Teilnahme potenziellen und bestehenden Gesch\u00e4ftspartnern bekannt zu machen. Gemeinsam mit Ihnen als Aussteller streben wir eine Messe mit hochwertigen Besuchern an! Um Ihre Messeteilnahme \u00fcber alle m\u00f6glichen Kan\u00e4le bekannt zu machen, bieten wir Ihnen verschiedene Tools, mit denen Sie Ihre Teilnahme promoten und zum noch gr\u00f6\u00dferen Erfolg [&hellip;]<\/p>\n","protected":false},"author":376,"featured_media":14205,"parent":0,"menu_order":0,"comment_status":"closed","ping_status":"closed","template":"","meta":{"_seopress_robots_primary_cat":"","_seopress_titles_title":"Wie k\u00f6nnen Sie Ihre Teilnahme an der VTU Uitvaart Vakbeurs bewerben?","_seopress_titles_desc":"Bewerben Sie Ihre Teilnahme an der VTU Bestattungsfachmesse selbst. Entdecken Sie hier die verschiedenen M\u00f6glichkeiten, die Ihnen die VTU Bestattungsfachmesse bietet. ","_seopress_robots_index":"","footnotes":""},"class_list":["post-16376","page","type-page","status-publish","has-post-thumbnail","hentry"],"_links":{"self":[{"href":"https:\/\/www.uitvaart-vakbeurs.nl\/de\/wp-json\/wp\/v2\/pages\/16376","targetHints":{"allow":["GET"]}}],"collection":[{"href":"https:\/\/www.uitvaart-vakbeurs.nl\/de\/wp-json\/wp\/v2\/pages"}],"about":[{"href":"https:\/\/www.uitvaart-vakbeurs.nl\/de\/wp-json\/wp\/v2\/types\/page"}],"author":[{"embeddable":true,"href":"https:\/\/www.uitvaart-vakbeurs.nl\/de\/wp-json\/wp\/v2\/users\/376"}],"replies":[{"embeddable":true,"href":"https:\/\/www.uitvaart-vakbeurs.nl\/de\/wp-json\/wp\/v2\/comments?post=16376"}],"version-history":[{"count":1,"href":"https:\/\/www.uitvaart-vakbeurs.nl\/de\/wp-json\/wp\/v2\/pages\/16376\/revisions"}],"predecessor-version":[{"id":16377,"href":"https:\/\/www.uitvaart-vakbeurs.nl\/de\/wp-json\/wp\/v2\/pages\/16376\/revisions\/16377"}],"wp:featuredmedia":[{"embeddable":true,"href":"https:\/\/www.uitvaart-vakbeurs.nl\/de\/wp-json\/wp\/v2\/media\/14205"}],"wp:attachment":[{"href":"https:\/\/www.uitvaart-vakbeurs.nl\/de\/wp-json\/wp\/v2\/media?parent=16376"}],"curies":[{"name":"wp","href":"https:\/\/api.w.org\/{rel}","templated":true}]}}