{"id":16372,"date":"2019-06-04T09:17:42","date_gmt":"2019-06-04T07:17:42","guid":{"rendered":"https:\/\/www.uitvaart-vakbeurs.nl\/wer-ist-der-besucher\/"},"modified":"2025-11-26T10:44:26","modified_gmt":"2025-11-26T09:44:26","slug":"wer-ist-der-besucher","status":"publish","type":"page","link":"https:\/\/www.uitvaart-vakbeurs.nl\/de\/wer-ist-der-besucher\/","title":{"rendered":"Wer ist der Besucher?"},"content":{"rendered":"\t\t<div data-elementor-type=\"wp-post\" data-elementor-id=\"16372\" class=\"elementor elementor-16372 elementor-662\" data-elementor-post-type=\"page\">\n\t\t\t\t\t\t<section class=\"elementor-section elementor-top-section elementor-element elementor-element-168efea6 elementor-section-content-middle elementor-section-boxed elementor-section-height-default elementor-section-height-default\" data-id=\"168efea6\" data-element_type=\"section\">\n\t\t\t\t\t\t<div class=\"elementor-container elementor-column-gap-no\">\n\t\t\t\t\t\t<\/div>\n\t\t<\/section>\n\t\t\t\t<section class=\"elementor-section elementor-top-section elementor-element elementor-element-263cda9e elementor-section-boxed elementor-section-height-default elementor-section-height-default\" data-id=\"263cda9e\" data-element_type=\"section\">\n\t\t\t\t\t\t<div class=\"elementor-container elementor-column-gap-default\">\n\t\t\t\t\t<div class=\"elementor-column elementor-col-100 elementor-top-column elementor-element elementor-element-5ddffa18\" data-id=\"5ddffa18\" data-element_type=\"column\">\n\t\t\t<div class=\"elementor-widget-wrap elementor-element-populated\">\n\t\t\t\t\t\t<div class=\"elementor-element elementor-element-5ff1eae elementor-widget elementor-widget-image\" data-id=\"5ff1eae\" data-element_type=\"widget\" data-widget_type=\"image.default\">\n\t\t\t\t<div class=\"elementor-widget-container\">\n\t\t\t\t\t\t\t\t\t\t\t\t\t\t\t<img fetchpriority=\"high\" decoding=\"async\" width=\"768\" height=\"545\" src=\"https:\/\/easyfairsassets.com\/sites\/203\/2025\/04\/Uitvaart-beurs-Kaja-1-768x545.png\" class=\"attachment-medium_large size-medium_large wp-image-15955\" alt=\"\" srcset=\"https:\/\/easyfairsassets.com\/sites\/203\/2025\/04\/Uitvaart-beurs-Kaja-1-768x545.png 768w, https:\/\/easyfairsassets.com\/sites\/203\/2025\/04\/Uitvaart-beurs-Kaja-1-300x213.png 300w, https:\/\/easyfairsassets.com\/sites\/203\/2025\/04\/Uitvaart-beurs-Kaja-1-1024x726.png 1024w, https:\/\/easyfairsassets.com\/sites\/203\/2025\/04\/Uitvaart-beurs-Kaja-1-1536x1090.png 1536w, https:\/\/easyfairsassets.com\/sites\/203\/2025\/04\/Uitvaart-beurs-Kaja-1.png 1748w\" sizes=\"(max-width: 768px) 100vw, 768px\" \/>\t\t\t\t\t\t\t\t\t\t\t\t\t\t\t<\/div>\n\t\t\t\t<\/div>\n\t\t\t\t<div class=\"elementor-element elementor-element-341831bc elementor-widget elementor-widget-heading\" data-id=\"341831bc\" data-element_type=\"widget\" data-widget_type=\"heading.default\">\n\t\t\t\t<div class=\"elementor-widget-container\">\n\t\t\t\t\t<h2 class=\"elementor-heading-title elementor-size-default\">Aus welchen Branchen kommen die Besucher?<\/h2>\t\t\t\t<\/div>\n\t\t\t\t<\/div>\n\t\t\t\t<div class=\"elementor-element elementor-element-786c200d elementor-widget elementor-widget-text-editor\" data-id=\"786c200d\" data-element_type=\"widget\" data-widget_type=\"text-editor.default\">\n\t\t\t\t<div class=\"elementor-widget-container\">\n\t\t\t\t\t\t\t\t\t<p>Hier kommen Sie mit der gesamten Bestattungsbranche in Kontakt, n\u00e4mlich mit:<\/p>\n\t\t\t\t\t\t\t\t<\/div>\n\t\t\t\t<\/div>\n\t\t\t\t\t<\/div>\n\t\t<\/div>\n\t\t\t\t\t<\/div>\n\t\t<\/section>\n\t\t\t\t<section class=\"elementor-section elementor-top-section elementor-element elementor-element-b2d7724 elementor-section-boxed elementor-section-height-default elementor-section-height-default\" data-id=\"b2d7724\" data-element_type=\"section\">\n\t\t\t\t\t\t<div class=\"elementor-container elementor-column-gap-default\">\n\t\t\t\t\t<div class=\"elementor-column elementor-col-25 elementor-top-column elementor-element elementor-element-fb57344\" data-id=\"fb57344\" data-element_type=\"column\">\n\t\t\t<div class=\"elementor-widget-wrap elementor-element-populated\">\n\t\t\t\t\t\t<div class=\"elementor-element elementor-element-c1b7bcc elementor-widget elementor-widget-text-editor\" data-id=\"c1b7bcc\" data-element_type=\"widget\" data-widget_type=\"text-editor.default\">\n\t\t\t\t<div class=\"elementor-widget-container\">\n\t\t\t\t\t\t\t\t\t<ul>\n<li>Bestattungsunternehmen<\/li>\n<li>Allgemeine Dienstleistungen<\/li>\n<li>Branchenbezogene Organisationen<\/li>\n<\/ul>\n\t\t\t\t\t\t\t\t<\/div>\n\t\t\t\t<\/div>\n\t\t\t\t\t<\/div>\n\t\t<\/div>\n\t\t\t\t<div class=\"elementor-column elementor-col-25 elementor-top-column elementor-element elementor-element-c953709\" data-id=\"c953709\" data-element_type=\"column\">\n\t\t\t<div class=\"elementor-widget-wrap elementor-element-populated\">\n\t\t\t\t\t\t<div class=\"elementor-element elementor-element-e7059d4 elementor-widget elementor-widget-text-editor\" data-id=\"e7059d4\" data-element_type=\"widget\" data-widget_type=\"text-editor.default\">\n\t\t\t\t<div class=\"elementor-widget-container\">\n\t\t\t\t\t\t\t\t\t<ul>\n<li>Kommunen<\/li>\n<li>Friedh\u00f6fe<\/li>\n<\/ul>\n\t\t\t\t\t\t\t\t<\/div>\n\t\t\t\t<\/div>\n\t\t\t\t\t<\/div>\n\t\t<\/div>\n\t\t\t\t<div class=\"elementor-column elementor-col-25 elementor-top-column elementor-element elementor-element-6c70ad7\" data-id=\"6c70ad7\" data-element_type=\"column\">\n\t\t\t<div class=\"elementor-widget-wrap elementor-element-populated\">\n\t\t\t\t\t\t<div class=\"elementor-element elementor-element-12938ca elementor-widget elementor-widget-text-editor\" data-id=\"12938ca\" data-element_type=\"widget\" data-widget_type=\"text-editor.default\">\n\t\t\t\t<div class=\"elementor-widget-container\">\n\t\t\t\t\t\t\t\t\t<ul>\n<li>Krematorien<\/li>\n<li>Leichenschauh\u00e4user<\/li>\n<\/ul>\n\t\t\t\t\t\t\t\t<\/div>\n\t\t\t\t<\/div>\n\t\t\t\t\t<\/div>\n\t\t<\/div>\n\t\t\t\t<div class=\"elementor-column elementor-col-25 elementor-top-column elementor-element elementor-element-eb954d0\" data-id=\"eb954d0\" data-element_type=\"column\">\n\t\t\t<div class=\"elementor-widget-wrap elementor-element-populated\">\n\t\t\t\t\t\t<div class=\"elementor-element elementor-element-5b2bdb5 elementor-widget elementor-widget-text-editor\" data-id=\"5b2bdb5\" data-element_type=\"widget\" data-widget_type=\"text-editor.default\">\n\t\t\t\t<div class=\"elementor-widget-container\">\n\t\t\t\t\t\t\t\t\t<ul>\n<li>Kirchliche Einrichtungen<\/li>\n<li>Ritualbegleitung<\/li>\n<\/ul>\n\t\t\t\t\t\t\t\t<\/div>\n\t\t\t\t<\/div>\n\t\t\t\t\t<\/div>\n\t\t<\/div>\n\t\t\t\t\t<\/div>\n\t\t<\/section>\n\t\t\t\t<section class=\"elementor-section elementor-top-section elementor-element elementor-element-1e2f18ec elementor-section-content-middle elementor-section-boxed elementor-section-height-default elementor-section-height-default elementor-invisible\" data-id=\"1e2f18ec\" data-element_type=\"section\" data-settings=\"{&quot;background_background&quot;:&quot;classic&quot;,&quot;animation&quot;:&quot;fadeInRight&quot;,&quot;animation_delay&quot;:&quot;700&quot;}\">\n\t\t\t\t\t\t\t<div class=\"elementor-background-overlay\"><\/div>\n\t\t\t\t\t\t\t<div class=\"elementor-container elementor-column-gap-default\">\n\t\t\t\t\t<div class=\"elementor-column elementor-col-100 elementor-top-column elementor-element elementor-element-6cf5112\" data-id=\"6cf5112\" data-element_type=\"column\" data-settings=\"{&quot;background_background&quot;:&quot;classic&quot;}\">\n\t\t\t<div class=\"elementor-widget-wrap elementor-element-populated\">\n\t\t\t\t\t\t<div class=\"elementor-element elementor-element-7fa7952b elementor-widget elementor-widget-spacer\" data-id=\"7fa7952b\" data-element_type=\"widget\" data-widget_type=\"spacer.default\">\n\t\t\t\t<div class=\"elementor-widget-container\">\n\t\t\t\t\t\t\t<div class=\"elementor-spacer\">\n\t\t\t<div class=\"elementor-spacer-inner\"><\/div>\n\t\t<\/div>\n\t\t\t\t\t\t<\/div>\n\t\t\t\t<\/div>\n\t\t\t\t<div class=\"elementor-element elementor-element-529b799f elementor-widget elementor-widget-spacer\" data-id=\"529b799f\" data-element_type=\"widget\" data-widget_type=\"spacer.default\">\n\t\t\t\t<div class=\"elementor-widget-container\">\n\t\t\t\t\t\t\t<div class=\"elementor-spacer\">\n\t\t\t<div class=\"elementor-spacer-inner\"><\/div>\n\t\t<\/div>\n\t\t\t\t\t\t<\/div>\n\t\t\t\t<\/div>\n\t\t\t\t\t<\/div>\n\t\t<\/div>\n\t\t\t\t\t<\/div>\n\t\t<\/section>\n\t\t\t\t<section class=\"elementor-section elementor-top-section elementor-element elementor-element-19f7db69 elementor-section-content-middle elementor-section-boxed elementor-section-height-default elementor-section-height-default\" data-id=\"19f7db69\" data-element_type=\"section\">\n\t\t\t\t\t\t<div class=\"elementor-container elementor-column-gap-no\">\n\t\t\t\t\t<div class=\"elementor-column elementor-col-100 elementor-top-column elementor-element elementor-element-1956c71b\" data-id=\"1956c71b\" data-element_type=\"column\">\n\t\t\t<div class=\"elementor-widget-wrap elementor-element-populated\">\n\t\t\t\t\t\t<div class=\"elementor-element elementor-element-5f409a4 elementor-widget elementor-widget-heading\" data-id=\"5f409a4\" data-element_type=\"widget\" data-widget_type=\"heading.default\">\n\t\t\t\t<div class=\"elementor-widget-container\">\n\t\t\t\t\t<h2 class=\"elementor-heading-title elementor-size-default\">VTU Uitvaart Vakbeurs<\/h2>\t\t\t\t<\/div>\n\t\t\t\t<\/div>\n\t\t\t\t<div class=\"elementor-element elementor-element-457dd0d4 elementor-widget elementor-widget-text-editor\" data-id=\"457dd0d4\" data-element_type=\"widget\" data-widget_type=\"text-editor.default\">\n\t\t\t\t<div class=\"elementor-widget-container\">\n\t\t\t\t\t\t\t\t\t<p>Wir z\u00e4hlen die Tage bis zum Start der kommenden Ausgabe der VTU itvaart Vakbeurs und freuen uns darauf, Sie dort zu treffen.<\/p>\n\t\t\t\t\t\t\t\t<\/div>\n\t\t\t\t<\/div>\n\t\t\t\t<div class=\"elementor-element elementor-element-986c5f2 elementor-countdown--label-block elementor-widget elementor-widget-countdown\" data-id=\"986c5f2\" data-element_type=\"widget\" data-widget_type=\"countdown.default\">\n\t\t\t\t<div class=\"elementor-widget-container\">\n\t\t\t\t\t\t\t<div class=\"elementor-countdown-wrapper\" data-date=\"1790668800\">\n\t\t\t<div class=\"elementor-countdown-item\"><span class=\"elementor-countdown-digits elementor-countdown-days\"><\/span> <span class=\"elementor-countdown-label\">Days<\/span><\/div><div class=\"elementor-countdown-item\"><span class=\"elementor-countdown-digits elementor-countdown-hours\"><\/span> <span class=\"elementor-countdown-label\">Hours<\/span><\/div><div class=\"elementor-countdown-item\"><span class=\"elementor-countdown-digits elementor-countdown-minutes\"><\/span> <span class=\"elementor-countdown-label\">Minutes<\/span><\/div><div class=\"elementor-countdown-item\"><span class=\"elementor-countdown-digits elementor-countdown-seconds\"><\/span> <span class=\"elementor-countdown-label\">Seconds<\/span><\/div>\t\t<\/div>\n\t\t\t\t\t\t<\/div>\n\t\t\t\t<\/div>\n\t\t\t\t\t<\/div>\n\t\t<\/div>\n\t\t\t\t\t<\/div>\n\t\t<\/section>\n\t\t\t\t<section class=\"elementor-section elementor-top-section elementor-element elementor-element-6264967 elementor-section-boxed elementor-section-height-default elementor-section-height-default\" data-id=\"6264967\" data-element_type=\"section\" data-settings=\"{&quot;background_background&quot;:&quot;classic&quot;,&quot;shape_divider_top&quot;:&quot;pyramids&quot;}\">\n\t\t\t\t\t<div class=\"elementor-shape elementor-shape-top\" aria-hidden=\"true\" data-negative=\"false\">\n\t\t\t<svg xmlns=\"http:\/\/www.w3.org\/2000\/svg\" viewBox=\"0 0 1000 100\" preserveAspectRatio=\"none\">\n\t<path class=\"elementor-shape-fill\" d=\"M761.9,44.1L643.1,27.2L333.8,98L0,3.8V0l1000,0v3.9\"\/>\n<\/svg>\t\t<\/div>\n\t\t\t\t\t<div class=\"elementor-container elementor-column-gap-default\">\n\t\t\t\t\t<div class=\"elementor-column elementor-col-50 elementor-top-column elementor-element elementor-element-78776df\" data-id=\"78776df\" data-element_type=\"column\" data-settings=\"{&quot;background_background&quot;:&quot;classic&quot;}\">\n\t\t\t<div class=\"elementor-widget-wrap elementor-element-populated\">\n\t\t\t\t\t\t<div class=\"elementor-element elementor-element-54b5dc9 elementor-widget elementor-widget-heading\" data-id=\"54b5dc9\" data-element_type=\"widget\" data-widget_type=\"heading.default\">\n\t\t\t\t<div class=\"elementor-widget-container\">\n\t\t\t\t\t<h2 class=\"elementor-heading-title elementor-size-default\">An der VTU Uitvaart Vakbeurs 2026 teilnehmen?<\/h2>\t\t\t\t<\/div>\n\t\t\t\t<\/div>\n\t\t\t\t<div class=\"elementor-element elementor-element-28ce800 elementor-widget elementor-widget-text-editor\" data-id=\"28ce800\" data-element_type=\"widget\" data-widget_type=\"text-editor.default\">\n\t\t\t\t<div class=\"elementor-widget-container\">\n\t\t\t\t\t\t\t\t\t<p>M\u00f6chten Sie ebenfalls an der VTU Uitvaart Vakbeurs 2026 in der Evenementenhal Gorinchem teilnehmen? Innerhalb von zwei Tagen treffen hier mehr als 5.000 Fachleute aus der gesamten Bestattungsbranche zusammen.<\/p>\n<p>Sie erreichen Hanneke telefonisch unter +31 (0)6 31 98 80 35 oder per E-Mail an <a href=\"mailto:Hanneke.vandenHeuvel@easyfairs.com\">Hanneke.vandenHeuvel@easyfairs.com<\/a>.<\/p>\n\t\t\t\t\t\t\t\t<\/div>\n\t\t\t\t<\/div>\n\t\t\t\t\t<\/div>\n\t\t<\/div>\n\t\t\t\t<div class=\"elementor-column elementor-col-50 elementor-top-column elementor-element elementor-element-fa00170 elementor-hidden-mobile\" data-id=\"fa00170\" data-element_type=\"column\" data-settings=\"{&quot;background_background&quot;:&quot;classic&quot;}\">\n\t\t\t<div class=\"elementor-widget-wrap elementor-element-populated\">\n\t\t\t\t\t\t<div class=\"elementor-element elementor-element-7215394 elementor-position-top elementor-widget elementor-widget-image-box\" data-id=\"7215394\" data-element_type=\"widget\" data-widget_type=\"image-box.default\">\n\t\t\t\t<div class=\"elementor-widget-container\">\n\t\t\t\t\t<div class=\"elementor-image-box-wrapper\"><figure class=\"elementor-image-box-img\"><img decoding=\"async\" width=\"800\" height=\"800\" src=\"https:\/\/easyfairsassets.com\/sites\/203\/2025\/06\/Ontwerp-zonder-titel-42-1024x1024.png\" class=\"attachment-large size-large wp-image-16285\" alt=\"\" srcset=\"https:\/\/easyfairsassets.com\/sites\/203\/2025\/06\/Ontwerp-zonder-titel-42-1024x1024.png 1024w, https:\/\/easyfairsassets.com\/sites\/203\/2025\/06\/Ontwerp-zonder-titel-42-300x300.png 300w, https:\/\/easyfairsassets.com\/sites\/203\/2025\/06\/Ontwerp-zonder-titel-42-150x150.png 150w, https:\/\/easyfairsassets.com\/sites\/203\/2025\/06\/Ontwerp-zonder-titel-42-768x768.png 768w, https:\/\/easyfairsassets.com\/sites\/203\/2025\/06\/Ontwerp-zonder-titel-42.png 1215w\" sizes=\"(max-width: 800px) 100vw, 800px\" \/><\/figure><div class=\"elementor-image-box-content\"><h3 class=\"elementor-image-box-title\">Hanneke van den Heuvel<\/h3><p class=\"elementor-image-box-description\">Accountmanager<\/p><\/div><\/div>\t\t\t\t<\/div>\n\t\t\t\t<\/div>\n\t\t\t\t\t<\/div>\n\t\t<\/div>\n\t\t\t\t\t<\/div>\n\t\t<\/section>\n\t\t\t\t<\/div>\n\t\t","protected":false},"excerpt":{"rendered":"<p>Aus welchen Branchen kommen die Besucher? Hier kommen Sie mit der gesamten Bestattungsbranche in Kontakt, n\u00e4mlich mit: Bestattungsunternehmen Allgemeine Dienstleistungen Branchenbezogene Organisationen Kommunen Friedh\u00f6fe Krematorien Leichenschauh\u00e4user Kirchliche Einrichtungen Ritualbegleitung VTU Uitvaart Vakbeurs Wir z\u00e4hlen die Tage bis zum Start der kommenden Ausgabe der VTU itvaart Vakbeurs und freuen uns darauf, Sie dort zu treffen. Days [&hellip;]<\/p>\n","protected":false},"author":376,"featured_media":14223,"parent":0,"menu_order":0,"comment_status":"closed","ping_status":"closed","template":"","meta":{"_seopress_robots_primary_cat":"","_seopress_titles_title":"Wer besuchte die VTU Uitvaart Vakbeurs 2026?","_seopress_titles_desc":"Besucher der VTU Bestattungsfachmesse sind in verschiedenen Unternehmen und Einrichtungen t\u00e4tig \u2013 von Bestattungsunternehmen bis hin zu Ritualbegleitern.","_seopress_robots_index":"","footnotes":""},"class_list":["post-16372","page","type-page","status-publish","has-post-thumbnail","hentry"],"_links":{"self":[{"href":"https:\/\/www.uitvaart-vakbeurs.nl\/de\/wp-json\/wp\/v2\/pages\/16372","targetHints":{"allow":["GET"]}}],"collection":[{"href":"https:\/\/www.uitvaart-vakbeurs.nl\/de\/wp-json\/wp\/v2\/pages"}],"about":[{"href":"https:\/\/www.uitvaart-vakbeurs.nl\/de\/wp-json\/wp\/v2\/types\/page"}],"author":[{"embeddable":true,"href":"https:\/\/www.uitvaart-vakbeurs.nl\/de\/wp-json\/wp\/v2\/users\/376"}],"replies":[{"embeddable":true,"href":"https:\/\/www.uitvaart-vakbeurs.nl\/de\/wp-json\/wp\/v2\/comments?post=16372"}],"version-history":[{"count":2,"href":"https:\/\/www.uitvaart-vakbeurs.nl\/de\/wp-json\/wp\/v2\/pages\/16372\/revisions"}],"predecessor-version":[{"id":17113,"href":"https:\/\/www.uitvaart-vakbeurs.nl\/de\/wp-json\/wp\/v2\/pages\/16372\/revisions\/17113"}],"wp:featuredmedia":[{"embeddable":true,"href":"https:\/\/www.uitvaart-vakbeurs.nl\/de\/wp-json\/wp\/v2\/media\/14223"}],"wp:attachment":[{"href":"https:\/\/www.uitvaart-vakbeurs.nl\/de\/wp-json\/wp\/v2\/media?parent=16372"}],"curies":[{"name":"wp","href":"https:\/\/api.w.org\/{rel}","templated":true}]}}