{"id":16368,"date":"2022-08-30T14:36:00","date_gmt":"2022-08-30T12:36:00","guid":{"rendered":"https:\/\/www.uitvaart-vakbeurs.nl\/programm\/"},"modified":"2025-07-02T08:53:52","modified_gmt":"2025-07-02T06:53:52","slug":"programm","status":"publish","type":"page","link":"https:\/\/www.uitvaart-vakbeurs.nl\/de\/programm\/","title":{"rendered":"Programm"},"content":{"rendered":"\t\t<div data-elementor-type=\"wp-post\" data-elementor-id=\"16368\" class=\"elementor elementor-16368 elementor-1321\" data-elementor-post-type=\"page\">\n\t\t\t\t\t\t<section class=\"elementor-section elementor-top-section elementor-element elementor-element-4284b6e elementor-section-boxed elementor-section-height-default elementor-section-height-default\" data-id=\"4284b6e\" data-element_type=\"section\">\n\t\t\t\t\t\t<div class=\"elementor-container elementor-column-gap-default\">\n\t\t\t\t\t<div class=\"elementor-column elementor-col-100 elementor-top-column elementor-element elementor-element-0f6cc38\" data-id=\"0f6cc38\" data-element_type=\"column\">\n\t\t\t<div class=\"elementor-widget-wrap elementor-element-populated\">\n\t\t\t\t\t\t<div class=\"elementor-element elementor-element-21f458e elementor-widget elementor-widget-heading\" data-id=\"21f458e\" data-element_type=\"widget\" data-widget_type=\"heading.default\">\n\t\t\t\t<div class=\"elementor-widget-container\">\n\t\t\t\t\t<h1 class=\"elementor-heading-title elementor-size-default\">Programma VTU Uitvaart Vakbeurs<\/h1>\t\t\t\t<\/div>\n\t\t\t\t<\/div>\n\t\t\t\t\t<\/div>\n\t\t<\/div>\n\t\t\t\t\t<\/div>\n\t\t<\/section>\n\t\t\t\t<section class=\"elementor-section elementor-top-section elementor-element elementor-element-ef1e5da elementor-section-boxed elementor-section-height-default elementor-section-height-default\" data-id=\"ef1e5da\" data-element_type=\"section\">\n\t\t\t\t\t\t<div class=\"elementor-container elementor-column-gap-default\">\n\t\t\t\t\t<div class=\"elementor-column elementor-col-66 elementor-top-column elementor-element elementor-element-dee1a25\" data-id=\"dee1a25\" data-element_type=\"column\">\n\t\t\t<div class=\"elementor-widget-wrap elementor-element-populated\">\n\t\t\t\t\t\t<div class=\"elementor-element elementor-element-582e4f5 elementor-widget elementor-widget-text-editor\" data-id=\"582e4f5\" data-element_type=\"widget\" data-widget_type=\"text-editor.default\">\n\t\t\t\t<div class=\"elementor-widget-container\">\n\t\t\t\t\t\t\t\t\t<p>Entdecken Sie die Zukunft der Bestattungsbranche auf der VTU Bestattungs-Fachmesse, der f\u00fchrenden Veranstaltung, die am 29. und 30. September 2026 in der Evenementenhal Gorinchem stattfindet. Dieses alle vier Jahre stattfindende Branchenevent, organisiert von der Vereinigung der Zulieferer f\u00fcr die Bestattungsbranche (VTU) in Zusammenarbeit mit Easyfairs, verspricht ein unvergleichlicher Treffpunkt f\u00fcr alle zu sein, die in der Bestattungsbranche t\u00e4tig sind.<\/p>\n\t\t\t\t\t\t\t\t<\/div>\n\t\t\t\t<\/div>\n\t\t\t\t<div class=\"elementor-element elementor-element-f7e9d6f elementor-widget elementor-widget-heading\" data-id=\"f7e9d6f\" data-element_type=\"widget\" data-widget_type=\"heading.default\">\n\t\t\t\t<div class=\"elementor-widget-container\">\n\t\t\t\t\t<h2 class=\"elementor-heading-title elementor-size-default\">Ein spannendes wissensprogramm<\/h2>\t\t\t\t<\/div>\n\t\t\t\t<\/div>\n\t\t\t\t<div class=\"elementor-element elementor-element-51a9cf1 elementor-widget elementor-widget-text-editor\" data-id=\"51a9cf1\" data-element_type=\"widget\" data-widget_type=\"text-editor.default\">\n\t\t\t\t<div class=\"elementor-widget-container\">\n\t\t\t\t\t\t\t\t\t<p>Freuen Sie sich auf ein gro\u00dfartiges Wissensprogramm, das die aktuellsten und relevantesten Entwicklungen der Branche beleuchtet. W\u00e4hrend zwei inspirierender Tage werden f\u00fchrende Referenten aus verschiedenen Disziplinen ihre Einsichten und Fachkenntnisse teilen. Dies ist Ihre Chance, von den Besten zu lernen, Ihr professionelles Netzwerk zu erweitern und die neuesten Trends und Innovationen zu entdecken.<\/p>\n\t\t\t\t\t\t\t\t<\/div>\n\t\t\t\t<\/div>\n\t\t\t\t<div class=\"elementor-element elementor-element-ab6a032 elementor-widget elementor-widget-heading\" data-id=\"ab6a032\" data-element_type=\"widget\" data-widget_type=\"heading.default\">\n\t\t\t\t<div class=\"elementor-widget-container\">\n\t\t\t\t\t<h2 class=\"elementor-heading-title elementor-size-default\">Regelm\u00e4\u00dfige updates<\/h2>\t\t\t\t<\/div>\n\t\t\t\t<\/div>\n\t\t\t\t<div class=\"elementor-element elementor-element-554fca0 elementor-widget elementor-widget-text-editor\" data-id=\"554fca0\" data-element_type=\"widget\" data-widget_type=\"text-editor.default\">\n\t\t\t\t<div class=\"elementor-widget-container\">\n\t\t\t\t\t\t\t\t\t<p>Im Vorfeld der Messe werden wir einen umfassenden \u00dcberblick \u00fcber das abwechslungsreiche Programm bieten. Ob Sie sich fachlich weiterbilden, neue Gesch\u00e4ftsm\u00f6glichkeiten erkunden oder einfach nur inspiriert werden m\u00f6chten \u2013 die VTU Bestattungs-Fachmesse ist der Ort, an dem all das zusammenkommt.<\/p>\n\t\t\t\t\t\t\t\t<\/div>\n\t\t\t\t<\/div>\n\t\t\t\t<div class=\"elementor-element elementor-element-72a0319 elementor-widget elementor-widget-heading\" data-id=\"72a0319\" data-element_type=\"widget\" data-widget_type=\"heading.default\">\n\t\t\t\t<div class=\"elementor-widget-container\">\n\t\t\t\t\t<h2 class=\"elementor-heading-title elementor-size-default\">29 &amp; 30 September 2026<\/h2>\t\t\t\t<\/div>\n\t\t\t\t<\/div>\n\t\t\t\t<div class=\"elementor-element elementor-element-5d4c650 elementor-widget elementor-widget-text-editor\" data-id=\"5d4c650\" data-element_type=\"widget\" data-widget_type=\"text-editor.default\">\n\t\t\t\t<div class=\"elementor-widget-container\">\n\t\t\t\t\t\t\t\t\t<p>Markieren Sie sich diese Termine in Ihrem Kalender und seien Sie Teil dieses wichtigen Events, das die Zukunft der Bestattungsbranche f\u00fcr die kommenden Jahre mitgestalten wird.<\/p>\n\t\t\t\t\t\t\t\t<\/div>\n\t\t\t\t<\/div>\n\t\t\t\t\t<\/div>\n\t\t<\/div>\n\t\t\t\t<div class=\"elementor-column elementor-col-33 elementor-top-column elementor-element elementor-element-e594e96\" data-id=\"e594e96\" data-element_type=\"column\">\n\t\t\t<div class=\"elementor-widget-wrap elementor-element-populated\">\n\t\t\t\t\t\t<div class=\"elementor-element elementor-element-f5e2d68 elementor-widget elementor-widget-image\" data-id=\"f5e2d68\" data-element_type=\"widget\" data-widget_type=\"image.default\">\n\t\t\t\t<div class=\"elementor-widget-container\">\n\t\t\t\t\t\t\t\t\t\t\t\t\t\t\t<img fetchpriority=\"high\" decoding=\"async\" width=\"800\" height=\"763\" src=\"https:\/\/easyfairsassets.com\/sites\/203\/2025\/04\/250408-VTU-Stempel-V2-1-1024x977.png\" class=\"attachment-large size-large wp-image-15938\" alt=\"\" srcset=\"https:\/\/easyfairsassets.com\/sites\/203\/2025\/04\/250408-VTU-Stempel-V2-1-1024x977.png 1024w, https:\/\/easyfairsassets.com\/sites\/203\/2025\/04\/250408-VTU-Stempel-V2-1-300x286.png 300w, https:\/\/easyfairsassets.com\/sites\/203\/2025\/04\/250408-VTU-Stempel-V2-1-768x732.png 768w, https:\/\/easyfairsassets.com\/sites\/203\/2025\/04\/250408-VTU-Stempel-V2-1-1536x1465.png 1536w, https:\/\/easyfairsassets.com\/sites\/203\/2025\/04\/250408-VTU-Stempel-V2-1.png 1920w\" sizes=\"(max-width: 800px) 100vw, 800px\" \/>\t\t\t\t\t\t\t\t\t\t\t\t\t\t\t<\/div>\n\t\t\t\t<\/div>\n\t\t\t\t\t<\/div>\n\t\t<\/div>\n\t\t\t\t\t<\/div>\n\t\t<\/section>\n\t\t\t\t<section class=\"elementor-section elementor-top-section elementor-element elementor-element-c33ad92 elementor-section-boxed elementor-section-height-default elementor-section-height-default\" data-id=\"c33ad92\" data-element_type=\"section\">\n\t\t\t\t\t\t<div class=\"elementor-container elementor-column-gap-default\">\n\t\t\t\t\t<div class=\"elementor-column elementor-col-100 elementor-top-column elementor-element elementor-element-09cde36\" data-id=\"09cde36\" data-element_type=\"column\">\n\t\t\t<div class=\"elementor-widget-wrap elementor-element-populated\">\n\t\t\t\t\t\t<div class=\"elementor-element elementor-element-fad9a1c elementor-widget elementor-widget-image\" data-id=\"fad9a1c\" data-element_type=\"widget\" data-widget_type=\"image.default\">\n\t\t\t\t<div class=\"elementor-widget-container\">\n\t\t\t\t\t\t\t\t\t\t\t\t\t\t\t<img decoding=\"async\" width=\"800\" height=\"250\" src=\"https:\/\/easyfairsassets.com\/sites\/203\/2025\/04\/Kaja-2-1024x320.png\" class=\"attachment-large size-large wp-image-15836\" alt=\"\" srcset=\"https:\/\/easyfairsassets.com\/sites\/203\/2025\/04\/Kaja-2-1024x320.png 1024w, https:\/\/easyfairsassets.com\/sites\/203\/2025\/04\/Kaja-2-300x94.png 300w, https:\/\/easyfairsassets.com\/sites\/203\/2025\/04\/Kaja-2-768x240.png 768w, https:\/\/easyfairsassets.com\/sites\/203\/2025\/04\/Kaja-2-1536x480.png 1536w, https:\/\/easyfairsassets.com\/sites\/203\/2025\/04\/Kaja-2.png 1920w\" sizes=\"(max-width: 800px) 100vw, 800px\" \/>\t\t\t\t\t\t\t\t\t\t\t\t\t\t\t<\/div>\n\t\t\t\t<\/div>\n\t\t\t\t\t<\/div>\n\t\t<\/div>\n\t\t\t\t\t<\/div>\n\t\t<\/section>\n\t\t\t\t<\/div>\n\t\t","protected":false},"excerpt":{"rendered":"<p>Programma VTU Uitvaart Vakbeurs Entdecken Sie die Zukunft der Bestattungsbranche auf der VTU Bestattungs-Fachmesse, der f\u00fchrenden Veranstaltung, die am 29. und 30. September 2026 in der Evenementenhal Gorinchem stattfindet. Dieses alle vier Jahre stattfindende Branchenevent, organisiert von der Vereinigung der Zulieferer f\u00fcr die Bestattungsbranche (VTU) in Zusammenarbeit mit Easyfairs, verspricht ein unvergleichlicher Treffpunkt f\u00fcr alle [&hellip;]<\/p>\n","protected":false},"author":376,"featured_media":0,"parent":0,"menu_order":0,"comment_status":"closed","ping_status":"closed","template":"","meta":{"_seopress_robots_primary_cat":"","_seopress_titles_title":"Ein inspirierendes und innovatives Program","_seopress_titles_desc":"W\u00e4hrend der VTU Bestattungsfachmesse wird ein breit gef\u00e4chertes und vielf\u00e4ltiges Programm angeboten, bei dem verschiedene Themen aus der Bestattungsbranche behandelt werden.","_seopress_robots_index":"","footnotes":""},"class_list":["post-16368","page","type-page","status-publish","hentry"],"_links":{"self":[{"href":"https:\/\/www.uitvaart-vakbeurs.nl\/de\/wp-json\/wp\/v2\/pages\/16368","targetHints":{"allow":["GET"]}}],"collection":[{"href":"https:\/\/www.uitvaart-vakbeurs.nl\/de\/wp-json\/wp\/v2\/pages"}],"about":[{"href":"https:\/\/www.uitvaart-vakbeurs.nl\/de\/wp-json\/wp\/v2\/types\/page"}],"author":[{"embeddable":true,"href":"https:\/\/www.uitvaart-vakbeurs.nl\/de\/wp-json\/wp\/v2\/users\/376"}],"replies":[{"embeddable":true,"href":"https:\/\/www.uitvaart-vakbeurs.nl\/de\/wp-json\/wp\/v2\/comments?post=16368"}],"version-history":[{"count":1,"href":"https:\/\/www.uitvaart-vakbeurs.nl\/de\/wp-json\/wp\/v2\/pages\/16368\/revisions"}],"predecessor-version":[{"id":16369,"href":"https:\/\/www.uitvaart-vakbeurs.nl\/de\/wp-json\/wp\/v2\/pages\/16368\/revisions\/16369"}],"wp:attachment":[{"href":"https:\/\/www.uitvaart-vakbeurs.nl\/de\/wp-json\/wp\/v2\/media?parent=16368"}],"curies":[{"name":"wp","href":"https:\/\/api.w.org\/{rel}","templated":true}]}}